{"id":3819,"date":"2026-03-31T14:45:41","date_gmt":"2026-03-31T12:45:41","guid":{"rendered":"https:\/\/edwinfietsverkoop.nl\/nl\/?post_type=product&#038;p=3819"},"modified":"2026-03-31T14:45:41","modified_gmt":"2026-03-31T12:45:41","slug":"variobag-enkele-fietstas-recycled-zwart","status":"publish","type":"product","link":"https:\/\/edwinfietsverkoop.nl\/nl\/product\/variobag-enkele-fietstas-recycled-zwart\/","title":{"rendered":"Variobag Enkele Fietstas reCYCLEd \u2013 Zwart"},"content":{"rendered":"<p data-pm-slice=\"1 1 []\">De Variobag Enkele Fietstas reCYCLEd \u2013 Zwart is d\u00e9 fietstas en rugzak in \u00e9\u00e9n, gemaakt van\u00a0<strong>100% gerecycled productieafval<\/strong>\u00a0van onze bakfietstenten. Een duurzame keuze zonder compromis op stijl en functionaliteit.<\/p>\n<p><strong>Waarom kiezen voor de Variobag?<\/strong><\/p>\n<ul data-spread=\"false\">\n<li>100% gerecycled materiaal \u2013 Circulair en milieuvriendelijk.<\/li>\n<li>Fietstas \u00e9n rugzak \u2013 Gemakkelijk om te vormen.<\/li>\n<li>Waterbestendig en robuust \u2013 Bestand tegen alle weersomstandigheden.<\/li>\n<li>Ruim en praktisch \u2013 24 liter inhoud met handige vakindeling.<\/li>\n<li>Slimme opbergruimte \u2013 Meerdere binnenvakken, waaronder een ruim laptopvak.<\/li>\n<li>Veilige sluiting \u2013 FIDLOCK\u00ae-magnetische sluiting houdt je spullen beschermd.<\/li>\n<\/ul>\n<p data-sanitized-data-mce-fragment=\"1\"><strong>Afmetingen:<\/strong><\/p>\n<ul data-sanitized-data-mce-fragment=\"1\">\n<li data-sanitized-data-mce-fragment=\"1\">Breedte 31 cm<\/li>\n<li data-sanitized-data-mce-fragment=\"1\">Hoogte 40 cm<\/li>\n<li data-sanitized-data-mce-fragment=\"1\">Diepte 19 cm<\/li>\n<\/ul>\n<p><strong>Duurzaamheid en kwaliteit<\/strong><br \/>\nOnze Variobags zijn niet alleen functioneel maar van hoge kwaliteit en dragen en bij aan een duurzamere wereld. Door het gebruik van gecoat acryl en PVC is de tas niet alleen stevig en duurzaam maar ook bestand tegen verschillende weersomstandigheden.<br \/>\nDe Variobag is volledig vervaardigd uit gerecycled productieafval van onze bakfietstenten. Door deze hoogwaardige materialen opnieuw te gebruiken, minimaliseren we verspilling en verkleinen we onze ecologische voetafdruk.<\/p>\n<p><strong>Kies bewust, kies de Variobag!\u00a0<\/strong>Bestel jouw Variobag Enkele Fietstas reCYCLEd \u2013 Zwart vandaag nog!<\/p>\n","protected":false},"excerpt":{"rendered":"<p>D\u00e9 fietstas en rugzak in \u00e9\u00e9n, gemaakt van <strong>100% gerecycled productieafval<\/strong> van onze bakfietstenten.<\/p>\n","protected":false},"featured_media":3820,"comment_status":"open","ping_status":"closed","template":"","meta":{"_acf_changed":false,"content-type":"","inline_featured_image":false},"product_brand":[],"product_cat":[68,120],"product_tag":[],"class_list":{"0":"post-3819","1":"product","2":"type-product","3":"status-publish","4":"has-post-thumbnail","6":"product_cat-accessoires","7":"product_cat-fietstassen","9":"first","10":"instock","11":"taxable","12":"shipping-taxable","13":"purchasable","14":"product-type-simple"},"acf":[],"yoast_head":"<!-- This site is optimized with the Yoast SEO plugin v27.3 - https:\/\/yoast.com\/product\/yoast-seo-wordpress\/ -->\n<title>Variobag Enkele Fietstas reCYCLEd \u2013 Zwart - Edwin Fietsverkoop<\/title>\n<meta name=\"description\" content=\"De Variobag Enkele Fietstas reCYCLEd \u2013 Zwart is d\u00e9 fietstas en rugzak in \u00e9\u00e9n, gemaakt van 100% gerecycled productieafval van onze bakfietstenten. Een duurzame keuze zonder compromis op stijl en functionaliteit.\" \/>\n<meta name=\"robots\" content=\"index, follow, max-snippet:-1, max-image-preview:large, max-video-preview:-1\" \/>\n<link rel=\"canonical\" href=\"https:\/\/edwinfietsverkoop.nl\/nl\/product\/variobag-enkele-fietstas-recycled-zwart\/\" \/>\n<meta property=\"og:locale\" content=\"nl_NL\" \/>\n<meta property=\"og:type\" content=\"article\" \/>\n<meta property=\"og:title\" content=\"Variobag Enkele Fietstas reCYCLEd \u2013 Zwart - Edwin Fietsverkoop\" \/>\n<meta property=\"og:description\" content=\"De Variobag Enkele Fietstas reCYCLEd \u2013 Zwart is d\u00e9 fietstas en rugzak in \u00e9\u00e9n, gemaakt van 100% gerecycled productieafval van onze bakfietstenten. Een duurzame keuze zonder compromis op stijl en functionaliteit.\" \/>\n<meta property=\"og:url\" content=\"https:\/\/edwinfietsverkoop.nl\/nl\/product\/variobag-enkele-fietstas-recycled-zwart\/\" \/>\n<meta property=\"og:site_name\" content=\"Edwin Fietsverkoop\" \/>\n<meta property=\"og:image\" content=\"https:\/\/edwinfietsverkoop.nl\/wp-content\/uploads\/2026\/03\/Clarijs_03-27.png\" \/>\n\t<meta property=\"og:image:width\" content=\"1500\" \/>\n\t<meta property=\"og:image:height\" content=\"1500\" \/>\n\t<meta property=\"og:image:type\" content=\"image\/png\" \/>\n<meta name=\"twitter:card\" content=\"summary_large_image\" \/>\n<meta name=\"twitter:label1\" content=\"Geschatte leestijd\" \/>\n\t<meta name=\"twitter:data1\" content=\"1 minuut\" \/>\n<script type=\"application\/ld+json\" class=\"yoast-schema-graph\">{\"@context\":\"https:\\\/\\\/schema.org\",\"@graph\":[{\"@type\":\"WebPage\",\"@id\":\"https:\\\/\\\/edwinfietsverkoop.nl\\\/nl\\\/product\\\/variobag-enkele-fietstas-recycled-zwart\\\/\",\"url\":\"https:\\\/\\\/edwinfietsverkoop.nl\\\/nl\\\/product\\\/variobag-enkele-fietstas-recycled-zwart\\\/\",\"name\":\"Variobag Enkele Fietstas reCYCLEd \u2013 Zwart - Edwin Fietsverkoop\",\"isPartOf\":{\"@id\":\"https:\\\/\\\/edwinfietsverkoop.nl\\\/nl\\\/#website\"},\"primaryImageOfPage\":{\"@id\":\"https:\\\/\\\/edwinfietsverkoop.nl\\\/nl\\\/product\\\/variobag-enkele-fietstas-recycled-zwart\\\/#primaryimage\"},\"image\":{\"@id\":\"https:\\\/\\\/edwinfietsverkoop.nl\\\/nl\\\/product\\\/variobag-enkele-fietstas-recycled-zwart\\\/#primaryimage\"},\"thumbnailUrl\":\"https:\\\/\\\/edwinfietsverkoop.nl\\\/wp-content\\\/uploads\\\/2026\\\/03\\\/Clarijs_03-27.png\",\"datePublished\":\"2026-03-31T12:45:41+00:00\",\"description\":\"De Variobag Enkele Fietstas reCYCLEd \u2013 Zwart is d\u00e9 fietstas en rugzak in \u00e9\u00e9n, gemaakt van 100% gerecycled productieafval van onze bakfietstenten. Een duurzame keuze zonder compromis op stijl en functionaliteit.\",\"breadcrumb\":{\"@id\":\"https:\\\/\\\/edwinfietsverkoop.nl\\\/nl\\\/product\\\/variobag-enkele-fietstas-recycled-zwart\\\/#breadcrumb\"},\"inLanguage\":\"nl-NL\",\"potentialAction\":[{\"@type\":\"ReadAction\",\"target\":[\"https:\\\/\\\/edwinfietsverkoop.nl\\\/nl\\\/product\\\/variobag-enkele-fietstas-recycled-zwart\\\/\"]}]},{\"@type\":\"ImageObject\",\"inLanguage\":\"nl-NL\",\"@id\":\"https:\\\/\\\/edwinfietsverkoop.nl\\\/nl\\\/product\\\/variobag-enkele-fietstas-recycled-zwart\\\/#primaryimage\",\"url\":\"https:\\\/\\\/edwinfietsverkoop.nl\\\/wp-content\\\/uploads\\\/2026\\\/03\\\/Clarijs_03-27.png\",\"contentUrl\":\"https:\\\/\\\/edwinfietsverkoop.nl\\\/wp-content\\\/uploads\\\/2026\\\/03\\\/Clarijs_03-27.png\",\"width\":1500,\"height\":1500},{\"@type\":\"BreadcrumbList\",\"@id\":\"https:\\\/\\\/edwinfietsverkoop.nl\\\/nl\\\/product\\\/variobag-enkele-fietstas-recycled-zwart\\\/#breadcrumb\",\"itemListElement\":[{\"@type\":\"ListItem\",\"position\":1,\"name\":\"Home\",\"item\":\"https:\\\/\\\/edwinfietsverkoop.nl\\\/nl\\\/\"},{\"@type\":\"ListItem\",\"position\":2,\"name\":\"Winkel\",\"item\":\"https:\\\/\\\/edwinfietsverkoop.nl\\\/nl\\\/winkel\\\/\"},{\"@type\":\"ListItem\",\"position\":3,\"name\":\"Variobag Enkele Fietstas reCYCLEd \u2013 Zwart\"}]},{\"@type\":\"WebSite\",\"@id\":\"https:\\\/\\\/edwinfietsverkoop.nl\\\/nl\\\/#website\",\"url\":\"https:\\\/\\\/edwinfietsverkoop.nl\\\/nl\\\/\",\"name\":\"Edwin Fietsverkoop\",\"description\":\"E-bikes &amp; E-bakfietsen\",\"publisher\":{\"@id\":\"https:\\\/\\\/edwinfietsverkoop.nl\\\/nl\\\/#organization\"},\"alternateName\":\"Edwin Fietsverkoop Veluwe\",\"potentialAction\":[{\"@type\":\"SearchAction\",\"target\":{\"@type\":\"EntryPoint\",\"urlTemplate\":\"https:\\\/\\\/edwinfietsverkoop.nl\\\/nl\\\/?s={search_term_string}\"},\"query-input\":{\"@type\":\"PropertyValueSpecification\",\"valueRequired\":true,\"valueName\":\"search_term_string\"}}],\"inLanguage\":\"nl-NL\"},{\"@type\":\"Organization\",\"@id\":\"https:\\\/\\\/edwinfietsverkoop.nl\\\/nl\\\/#organization\",\"name\":\"Edwin Fietsverhuur\",\"alternateName\":\"Edwin Fietsverhuur Veluwe\",\"url\":\"https:\\\/\\\/edwinfietsverkoop.nl\\\/nl\\\/\",\"logo\":{\"@type\":\"ImageObject\",\"inLanguage\":\"nl-NL\",\"@id\":\"https:\\\/\\\/edwinfietsverkoop.nl\\\/nl\\\/#\\\/schema\\\/logo\\\/image\\\/\",\"url\":\"https:\\\/\\\/edwinfietsverkoop.nl\\\/wp-content\\\/uploads\\\/2022\\\/12\\\/cropped-edwinfietsverhuur-favicon.png\",\"contentUrl\":\"https:\\\/\\\/edwinfietsverkoop.nl\\\/wp-content\\\/uploads\\\/2022\\\/12\\\/cropped-edwinfietsverhuur-favicon.png\",\"width\":512,\"height\":512,\"caption\":\"Edwin Fietsverhuur\"},\"image\":{\"@id\":\"https:\\\/\\\/edwinfietsverkoop.nl\\\/nl\\\/#\\\/schema\\\/logo\\\/image\\\/\"},\"sameAs\":[\"https:\\\/\\\/www.linkedin.com\\\/in\\\/edwin-kok\\\/\",\"https:\\\/\\\/api.whatsapp.com\\\/send?phone=310636112931\",\"https:\\\/\\\/www.instagram.com\\\/edwink0k\\\/\"]}]}<\/script>\n<!-- \/ Yoast SEO plugin. -->","yoast_head_json":{"title":"Variobag Enkele Fietstas reCYCLEd \u2013 Zwart - Edwin Fietsverkoop","description":"De Variobag Enkele Fietstas reCYCLEd \u2013 Zwart is d\u00e9 fietstas en rugzak in \u00e9\u00e9n, gemaakt van 100% gerecycled productieafval van onze bakfietstenten. Een duurzame keuze zonder compromis op stijl en functionaliteit.","robots":{"index":"index","follow":"follow","max-snippet":"max-snippet:-1","max-image-preview":"max-image-preview:large","max-video-preview":"max-video-preview:-1"},"canonical":"https:\/\/edwinfietsverkoop.nl\/nl\/product\/variobag-enkele-fietstas-recycled-zwart\/","og_locale":"nl_NL","og_type":"article","og_title":"Variobag Enkele Fietstas reCYCLEd \u2013 Zwart - Edwin Fietsverkoop","og_description":"De Variobag Enkele Fietstas reCYCLEd \u2013 Zwart is d\u00e9 fietstas en rugzak in \u00e9\u00e9n, gemaakt van 100% gerecycled productieafval van onze bakfietstenten. Een duurzame keuze zonder compromis op stijl en functionaliteit.","og_url":"https:\/\/edwinfietsverkoop.nl\/nl\/product\/variobag-enkele-fietstas-recycled-zwart\/","og_site_name":"Edwin Fietsverkoop","og_image":[{"width":1500,"height":1500,"url":"https:\/\/edwinfietsverkoop.nl\/wp-content\/uploads\/2026\/03\/Clarijs_03-27.png","type":"image\/png"}],"twitter_card":"summary_large_image","twitter_misc":{"Geschatte leestijd":"1 minuut"},"schema":{"@context":"https:\/\/schema.org","@graph":[{"@type":"WebPage","@id":"https:\/\/edwinfietsverkoop.nl\/nl\/product\/variobag-enkele-fietstas-recycled-zwart\/","url":"https:\/\/edwinfietsverkoop.nl\/nl\/product\/variobag-enkele-fietstas-recycled-zwart\/","name":"Variobag Enkele Fietstas reCYCLEd \u2013 Zwart - Edwin Fietsverkoop","isPartOf":{"@id":"https:\/\/edwinfietsverkoop.nl\/nl\/#website"},"primaryImageOfPage":{"@id":"https:\/\/edwinfietsverkoop.nl\/nl\/product\/variobag-enkele-fietstas-recycled-zwart\/#primaryimage"},"image":{"@id":"https:\/\/edwinfietsverkoop.nl\/nl\/product\/variobag-enkele-fietstas-recycled-zwart\/#primaryimage"},"thumbnailUrl":"https:\/\/edwinfietsverkoop.nl\/wp-content\/uploads\/2026\/03\/Clarijs_03-27.png","datePublished":"2026-03-31T12:45:41+00:00","description":"De Variobag Enkele Fietstas reCYCLEd \u2013 Zwart is d\u00e9 fietstas en rugzak in \u00e9\u00e9n, gemaakt van 100% gerecycled productieafval van onze bakfietstenten. Een duurzame keuze zonder compromis op stijl en functionaliteit.","breadcrumb":{"@id":"https:\/\/edwinfietsverkoop.nl\/nl\/product\/variobag-enkele-fietstas-recycled-zwart\/#breadcrumb"},"inLanguage":"nl-NL","potentialAction":[{"@type":"ReadAction","target":["https:\/\/edwinfietsverkoop.nl\/nl\/product\/variobag-enkele-fietstas-recycled-zwart\/"]}]},{"@type":"ImageObject","inLanguage":"nl-NL","@id":"https:\/\/edwinfietsverkoop.nl\/nl\/product\/variobag-enkele-fietstas-recycled-zwart\/#primaryimage","url":"https:\/\/edwinfietsverkoop.nl\/wp-content\/uploads\/2026\/03\/Clarijs_03-27.png","contentUrl":"https:\/\/edwinfietsverkoop.nl\/wp-content\/uploads\/2026\/03\/Clarijs_03-27.png","width":1500,"height":1500},{"@type":"BreadcrumbList","@id":"https:\/\/edwinfietsverkoop.nl\/nl\/product\/variobag-enkele-fietstas-recycled-zwart\/#breadcrumb","itemListElement":[{"@type":"ListItem","position":1,"name":"Home","item":"https:\/\/edwinfietsverkoop.nl\/nl\/"},{"@type":"ListItem","position":2,"name":"Winkel","item":"https:\/\/edwinfietsverkoop.nl\/nl\/winkel\/"},{"@type":"ListItem","position":3,"name":"Variobag Enkele Fietstas reCYCLEd \u2013 Zwart"}]},{"@type":"WebSite","@id":"https:\/\/edwinfietsverkoop.nl\/nl\/#website","url":"https:\/\/edwinfietsverkoop.nl\/nl\/","name":"Edwin Fietsverkoop","description":"E-bikes &amp; E-bakfietsen","publisher":{"@id":"https:\/\/edwinfietsverkoop.nl\/nl\/#organization"},"alternateName":"Edwin Fietsverkoop Veluwe","potentialAction":[{"@type":"SearchAction","target":{"@type":"EntryPoint","urlTemplate":"https:\/\/edwinfietsverkoop.nl\/nl\/?s={search_term_string}"},"query-input":{"@type":"PropertyValueSpecification","valueRequired":true,"valueName":"search_term_string"}}],"inLanguage":"nl-NL"},{"@type":"Organization","@id":"https:\/\/edwinfietsverkoop.nl\/nl\/#organization","name":"Edwin Fietsverhuur","alternateName":"Edwin Fietsverhuur Veluwe","url":"https:\/\/edwinfietsverkoop.nl\/nl\/","logo":{"@type":"ImageObject","inLanguage":"nl-NL","@id":"https:\/\/edwinfietsverkoop.nl\/nl\/#\/schema\/logo\/image\/","url":"https:\/\/edwinfietsverkoop.nl\/wp-content\/uploads\/2022\/12\/cropped-edwinfietsverhuur-favicon.png","contentUrl":"https:\/\/edwinfietsverkoop.nl\/wp-content\/uploads\/2022\/12\/cropped-edwinfietsverhuur-favicon.png","width":512,"height":512,"caption":"Edwin Fietsverhuur"},"image":{"@id":"https:\/\/edwinfietsverkoop.nl\/nl\/#\/schema\/logo\/image\/"},"sameAs":["https:\/\/www.linkedin.com\/in\/edwin-kok\/","https:\/\/api.whatsapp.com\/send?phone=310636112931","https:\/\/www.instagram.com\/edwink0k\/"]}]}},"_links":{"self":[{"href":"https:\/\/edwinfietsverkoop.nl\/nl\/wp-json\/wp\/v2\/product\/3819","targetHints":{"allow":["GET"]}}],"collection":[{"href":"https:\/\/edwinfietsverkoop.nl\/nl\/wp-json\/wp\/v2\/product"}],"about":[{"href":"https:\/\/edwinfietsverkoop.nl\/nl\/wp-json\/wp\/v2\/types\/product"}],"replies":[{"embeddable":true,"href":"https:\/\/edwinfietsverkoop.nl\/nl\/wp-json\/wp\/v2\/comments?post=3819"}],"wp:featuredmedia":[{"embeddable":true,"href":"https:\/\/edwinfietsverkoop.nl\/nl\/wp-json\/wp\/v2\/media\/3820"}],"wp:attachment":[{"href":"https:\/\/edwinfietsverkoop.nl\/nl\/wp-json\/wp\/v2\/media?parent=3819"}],"wp:term":[{"taxonomy":"product_brand","embeddable":true,"href":"https:\/\/edwinfietsverkoop.nl\/nl\/wp-json\/wp\/v2\/product_brand?post=3819"},{"taxonomy":"product_cat","embeddable":true,"href":"https:\/\/edwinfietsverkoop.nl\/nl\/wp-json\/wp\/v2\/product_cat?post=3819"},{"taxonomy":"product_tag","embeddable":true,"href":"https:\/\/edwinfietsverkoop.nl\/nl\/wp-json\/wp\/v2\/product_tag?post=3819"}],"curies":[{"name":"wp","href":"https:\/\/api.w.org\/{rel}","templated":true}]}}